{"id":17930,"date":"2019-11-22T12:47:00","date_gmt":"2019-11-22T11:47:50","guid":{"rendered":"https:\/\/gtm.livewelt.de\/?page_id=17930"},"modified":"2026-05-04T15:39:39","modified_gmt":"2026-05-04T13:39:39","slug":"startseite","status":"publish","type":"page","link":"https:\/\/fast-track-city-summit.berlin\/en\/","title":{"rendered":"Willkommen"},"content":{"rendered":"<div data-elementor-type=\"wp-page\" data-elementor-id=\"17930\" class=\"elementor elementor-17930\" data-elementor-post-type=\"page\">\n\t\t\t\t\t\t<section class=\"elementor-section elementor-top-section elementor-element elementor-element-00b9fd3 elementor-section-height-min-height elementor-section-boxed elementor-section-height-default elementor-section-items-middle\" data-id=\"00b9fd3\" data-element_type=\"section\" data-settings=\"{&quot;background_background&quot;:&quot;classic&quot;}\">\n\t\t\t\t\t\t\t<div class=\"elementor-background-overlay\"><\/div>\n\t\t\t\t\t\t\t<div class=\"elementor-container elementor-column-gap-default\">\n\t\t\t\t\t<div class=\"elementor-column elementor-col-100 elementor-top-column elementor-element elementor-element-c147de1\" data-id=\"c147de1\" data-element_type=\"column\">\n\t\t\t<div class=\"elementor-widget-wrap elementor-element-populated\">\n\t\t\t\t\t\t<div class=\"elementor-element elementor-element-38cfbd0 elementor-widget__width-initial elementor-widget-tablet__width-inherit elementor-widget elementor-widget-heading\" data-id=\"38cfbd0\" data-element_type=\"widget\" data-widget_type=\"heading.default\">\n\t\t\t\t<div class=\"elementor-widget-container\">\n\t\t\t<span id=\"38cfbd0\"><\/span><h2 class=\"elementor-heading-title elementor-size-default\">6. Fast Track City Berlin Summit 2026<\/h2>\t\t<\/div>\n\t\t\t\t<\/div>\n\t\t\t\t<div class=\"elementor-element elementor-element-5113fa3 elementor-widget__width-initial elementor-widget-tablet__width-inherit elementor-widget-mobile__width-inherit elementor-widget elementor-widget-text-editor\" data-id=\"5113fa3\" data-element_type=\"widget\" data-widget_type=\"text-editor.default\">\n\t\t\t\t<div class=\"elementor-widget-container\">\n\t\t\t<span id=\"5113fa3\"><\/span>\t\t\t\t<p>Der 6. Fast Track City Berlin Summit findet am 11. + 12. September 2026 im S-IM Geb\u00e4ude auf dem Virchow-Campus der Charit\u00e9 statt.<\/p><p>Im Mittelpunkt stehen aktuelle Forschungsergebnisse und Studien aus Berlin zu HIV, viralen Hepatitiden, STIs und Tuberkulose sowie Synergien zwischen Wissensgenerierung und Praxis.<\/p><p>Weitere Informationen zum Programm folgen in K\u00fcrze.<\/p>\t\t\t\t\t\t<\/div>\n\t\t\t\t<\/div>\n\t\t\t\t\t<\/div>\n\t\t<\/div>\n\t\t\t\t\t<\/div>\n\t\t<\/section>\n\t\t\t\t<section class=\"elementor-section elementor-top-section elementor-element elementor-element-5151560 elementor-section-height-min-height elementor-hidden-desktop elementor-hidden-tablet elementor-hidden-mobile elementor-section-boxed elementor-section-height-default elementor-section-items-middle\" data-id=\"5151560\" data-element_type=\"section\" data-settings=\"{&quot;background_background&quot;:&quot;classic&quot;}\">\n\t\t\t\t\t\t\t<div class=\"elementor-background-overlay\"><\/div>\n\t\t\t\t\t\t\t<div class=\"elementor-container elementor-column-gap-default\">\n\t\t\t\t\t<div class=\"elementor-column elementor-col-100 elementor-top-column elementor-element elementor-element-cb19b27\" data-id=\"cb19b27\" data-element_type=\"column\">\n\t\t\t<div class=\"elementor-widget-wrap elementor-element-populated\">\n\t\t\t\t\t\t<div class=\"elementor-element elementor-element-798e7ba elementor-widget__width-initial elementor-widget-tablet__width-inherit elementor-widget elementor-widget-heading\" data-id=\"798e7ba\" data-element_type=\"widget\" data-widget_type=\"heading.default\">\n\t\t\t\t<div class=\"elementor-widget-container\">\n\t\t\t<span id=\"798e7ba\"><\/span><h2 class=\"elementor-heading-title elementor-size-default\">5. Fast Track City Berlin Summit 2025: <br>Gemeinsam gegen HIV, virale Hepatitiden, STIs und Tuberkulose<\/h2>\t\t<\/div>\n\t\t\t\t<\/div>\n\t\t\t\t<div class=\"elementor-element elementor-element-e395a34 elementor-widget__width-initial elementor-widget-tablet__width-inherit elementor-widget-mobile__width-inherit elementor-widget elementor-widget-text-editor\" data-id=\"e395a34\" data-element_type=\"widget\" data-widget_type=\"text-editor.default\">\n\t\t\t\t<div class=\"elementor-widget-container\">\n\t\t\t<span id=\"e395a34\"><\/span>\t\t\t\t<p style=\"font-weight: 400\">Berlin hat mit der Fast Track City Initiative bedeutende Fortschritte bei der Bek\u00e4mpfung von HIV, viralen Hepatitiden, STIs und Tuberkulose erzielt. Doch noch immer bleiben Herausforderungen bestehen. Der 5. Fast Track City Berlin Summit am 26. und 27. September 2025 wird eine Plattform bieten, um L\u00f6sungen f\u00fcr die Pr\u00e4vention und Behandlung dieser Infektionskrankheiten weiterzuentwickeln.<\/p>\t\t\t\t\t\t<\/div>\n\t\t\t\t<\/div>\n\t\t\t\t<div class=\"elementor-element elementor-element-59be787 elementor-widget__width-initial elementor-widget-tablet__width-inherit elementor-widget-mobile__width-inherit elementor-widget elementor-widget-text-editor\" data-id=\"59be787\" data-element_type=\"widget\" data-widget_type=\"text-editor.default\">\n\t\t\t\t<div class=\"elementor-widget-container\">\n\t\t\t<span id=\"59be787\"><\/span>\t\t\t\t<p style=\"font-weight: 400\"><strong>Themen des Summits:<\/strong><\/p>\n<ul>\n<li style=\"font-weight: 400\">HIV-Pr\u00e4vention und -Behandlung: Zugang zu Information, Pr\u00e4ventionsmittel, Tests und Therapie f\u00fcr alle <br>(mit und ohne Krankenversicherung)<\/li>\n<li style=\"font-weight: 400\">Hepatitis C: Verbesserung der Behandlungskaskaden, Viruseliminationsans\u00e4tze und Erreichung der Zielwerte<\/li>\n<li style=\"font-weight: 400\">STI-Pr\u00e4vention: Reduktion der Neuinfektionen durch F\u00f6rderung von Pr\u00e4vention, Diagnostik und Behandlung<\/li>\n<li style=\"font-weight: 400\">Tuberkulose: Verbesserung der Diagnose und Therapie in Risikogruppen<\/li>\n<\/ul>\n<p><strong><br><\/strong><\/p><p><strong>Programm:<\/strong><\/p>\n<ul>\n<li style=\"font-weight: 400\">Freitag, 26.09.2025: Diskussionsrunden im Roten Rathaus \u00fcber die gesellschaftliche Dimension von pr\u00e4ventiven Gesundheitsbem\u00fchungen und die Umsetzung des Aktionsplanes f\u00fcr HIV, Hepatitis, Tuberkulose und STIs als menschenrechtsbasierte Handlungsans\u00e4tze.<\/li>\n<li style=\"font-weight: 400\">Samstag, 27.09.2025: Interaktive Workshops zu den Themen Testen, PrEP und Stigma\/Partizipation im Franz-Mehring-Platz 1.<\/li>\n<\/ul>\t\t\t\t\t\t<\/div>\n\t\t\t\t<\/div>\n\t\t\t\t<div class=\"elementor-element elementor-element-1d7cdc7 elementor-widget__width-initial elementor-widget-tablet__width-inherit elementor-widget-mobile__width-inherit elementor-widget elementor-widget-text-editor\" data-id=\"1d7cdc7\" data-element_type=\"widget\" data-widget_type=\"text-editor.default\">\n\t\t\t\t<div class=\"elementor-widget-container\">\n\t\t\t<span id=\"1d7cdc7\"><\/span>\t\t\t\t<h3 style=\"font-weight: 400\"><span style=\"color: #ffffff\"><strong>Vielen Dank f\u00fcr Ihre Teilnahme!<\/strong><\/span><\/h3>\t\t\t\t\t\t<\/div>\n\t\t\t\t<\/div>\n\t\t\t\t<div class=\"elementor-element elementor-element-7f929ca elementor-widget elementor-widget-button\" data-id=\"7f929ca\" data-element_type=\"widget\" data-widget_type=\"button.default\">\n\t\t\t\t<div class=\"elementor-widget-container\">\n\t\t\t<span id=\"7f929ca\"><\/span>\t\t<div class=\"elementor-button-wrapper\">\n\t\t\t<a class=\"elementor-button elementor-button-link elementor-size-sm\" href=\"https:\/\/fast-track-city-summit.berlin\/en\/rueckblick\/\">\n\t\t\t\t\t\t<span class=\"elementor-button-content-wrapper\">\n\t\t\t\t\t\t\t\t\t<span class=\"elementor-button-text\">R\u00fcckblick 2025<\/span>\n\t\t\t\t\t<\/span>\n\t\t\t\t\t<\/a>\n\t\t<\/div>\n\t\t\t\t<\/div>\n\t\t\t\t<\/div>\n\t\t\t\t<div class=\"elementor-element elementor-element-1d278e4 elementor-widget__width-initial elementor-widget-tablet__width-inherit elementor-widget-mobile__width-inherit elementor-widget elementor-widget-text-editor\" data-id=\"1d278e4\" data-element_type=\"widget\" data-widget_type=\"text-editor.default\">\n\t\t\t\t<div class=\"elementor-widget-container\">\n\t\t\t<span id=\"1d278e4\"><\/span>\t\t\t\t<p style=\"font-weight: 400\">Vielen Dank unseren F\u00f6rder:innen und Sponsoren:innen.<br \/>Stiftung Deutsche Klassenlotterie (50.000 \u20ac) | MSD (17.500 \u20ac) | Gilead (11.000 \u20ac) | ViiV\/GSK (9.500 \u20ac) | Abbvie (5.000 \u20ac) | Johnson&amp;Johnson (2.000 \u20ac)<\/p>\t\t\t\t\t\t<\/div>\n\t\t\t\t<\/div>\n\t\t\t\t\t<\/div>\n\t\t<\/div>\n\t\t\t\t\t<\/div>\n\t\t<\/section>\n\t\t\t\t<\/div>","protected":false},"excerpt":{"rendered":"<p>6. Fast Track City Berlin Summit 2026 Der 6. Fast Track City Berlin Summit findet am 11. + 12. September 2026 im S-IM Geb\u00e4ude auf dem Virchow-Campus der Charit\u00e9 statt. [&hellip;]<\/p>","protected":false},"author":17,"featured_media":0,"parent":0,"menu_order":0,"comment_status":"closed","ping_status":"closed","template":"elementor_header_footer","meta":{"_acf_changed":false,"inline_featured_image":false,"footnotes":""},"categories":[],"tags":[],"class_list":["post-17930","page","type-page","status-publish","hentry"],"acf":[],"_links":{"self":[{"href":"https:\/\/fast-track-city-summit.berlin\/en\/wp-json\/wp\/v2\/pages\/17930","targetHints":{"allow":["GET"]}}],"collection":[{"href":"https:\/\/fast-track-city-summit.berlin\/en\/wp-json\/wp\/v2\/pages"}],"about":[{"href":"https:\/\/fast-track-city-summit.berlin\/en\/wp-json\/wp\/v2\/types\/page"}],"author":[{"embeddable":true,"href":"https:\/\/fast-track-city-summit.berlin\/en\/wp-json\/wp\/v2\/users\/17"}],"replies":[{"embeddable":true,"href":"https:\/\/fast-track-city-summit.berlin\/en\/wp-json\/wp\/v2\/comments?post=17930"}],"version-history":[{"count":1373,"href":"https:\/\/fast-track-city-summit.berlin\/en\/wp-json\/wp\/v2\/pages\/17930\/revisions"}],"predecessor-version":[{"id":32539,"href":"https:\/\/fast-track-city-summit.berlin\/en\/wp-json\/wp\/v2\/pages\/17930\/revisions\/32539"}],"wp:attachment":[{"href":"https:\/\/fast-track-city-summit.berlin\/en\/wp-json\/wp\/v2\/media?parent=17930"}],"wp:term":[{"taxonomy":"category","embeddable":true,"href":"https:\/\/fast-track-city-summit.berlin\/en\/wp-json\/wp\/v2\/categories?post=17930"},{"taxonomy":"post_tag","embeddable":true,"href":"https:\/\/fast-track-city-summit.berlin\/en\/wp-json\/wp\/v2\/tags?post=17930"}],"curies":[{"name":"wp","href":"https:\/\/api.w.org\/{rel}","templated":true}]}}