{"id":18445,"date":"2020-01-28T16:26:00","date_gmt":"2020-01-28T15:26:57","guid":{"rendered":"https:\/\/gtm.livewelt.de\/?page_id=18445"},"modified":"2025-03-26T17:44:19","modified_gmt":"2025-03-26T16:44:19","slug":"impressum","status":"publish","type":"page","link":"https:\/\/fast-track-city-summit.berlin\/en\/impressum\/","title":{"rendered":"Impressum"},"content":{"rendered":"<div data-elementor-type=\"wp-page\" data-elementor-id=\"18445\" class=\"elementor elementor-18445\" data-elementor-post-type=\"page\">\n\t\t\t\t\t\t<section class=\"elementor-section elementor-top-section elementor-element elementor-element-08244f8 elementor-section-height-min-height elementor-section-items-top elementor-section-boxed elementor-section-height-default\" data-id=\"08244f8\" data-element_type=\"section\" data-settings=\"{&quot;background_background&quot;:&quot;classic&quot;}\">\n\t\t\t\t\t\t\t<div class=\"elementor-background-overlay\"><\/div>\n\t\t\t\t\t\t\t<div class=\"elementor-container elementor-column-gap-default\">\n\t\t\t\t\t<div class=\"elementor-column elementor-col-100 elementor-top-column elementor-element elementor-element-6a94d52\" data-id=\"6a94d52\" data-element_type=\"column\">\n\t\t\t<div class=\"elementor-widget-wrap elementor-element-populated\">\n\t\t\t\t\t\t<div class=\"elementor-element elementor-element-80fe6ee elementor-widget__width-initial elementor-widget-tablet__width-inherit elementor-widget-mobile__width-inherit elementor-widget elementor-widget-text-editor\" data-id=\"80fe6ee\" data-element_type=\"widget\" data-widget_type=\"text-editor.default\">\n\t\t\t\t<div class=\"elementor-widget-container\">\n\t\t\t<span id=\"80fe6ee\"><\/span>\t\t\t\t<h2><strong>Impressum<\/strong><\/h2><p>Verantwortlich f\u00fcr den Inhalt (Angaben gem\u00e4\u00df \u00a7 5 TMG)<\/p><p><strong>Vergessen ist ansteckend gGMBH<\/strong><br \/><strong>c\/o VATERBLUT GMBH<\/strong><br \/><strong>Im Marienpark 47<\/strong><br \/><strong>12107 Berlin<\/strong><\/p><p>\u00a0<\/p><p>Telefon +49 &#8211; 30 \/ 844 16 99 0<br \/><a href=\"https:\/\/www.vaterblut.com\/\">www.vaterblut.com<\/a><br \/><a href=\"https:\/\/www.vergessen-ist-ansteckend.de\/\" target=\"_blank\" rel=\"noopener\">www.vergessen-ist-ansteckend.de<\/a><\/p><p>\u00a0<\/p><p><strong>Gesch\u00e4ftsf\u00fchrender Gesellschafter:<\/strong> <br \/>Lars Witte Winter<\/p><p>\u00a0<\/p><p>Inhaltlich Verantwortlicher gem\u00e4\u00df \u00a7 10 Abs. 3 MDStV: <br \/>Lars Witte Winter<br \/><a href=\"mailto:l.witte-winter@vaterblut.com\">l.witte-winter@vaterblut.com<\/a><\/p><p>\u00a0<\/p><p>Handelsregister des Amtsgerichts Berlin Charlottenburg HRB 81903<\/p><p>Ust-IdNr. DE 217621205<\/p><p>\u00a0<\/p><p><strong>Online-Streitbeilegung<\/strong><br \/>Die Europ\u00e4ische Kommission stellt unter\u00a0<a href=\"https:\/\/ec.europa.eu\/consumers\/odr\/\" target=\"_blank\" rel=\"noopener\">https:\/\/ec.europa.eu\/consumers\/odr\/<\/a>\u00a0eine Plattform zur Online-Streitbeilegung bereit, die Verbraucher f\u00fcr die Beilegung einer Streitigkeit nutzen k\u00f6nnen und auf der weitere Informationen zum Thema Streitschlichtung zu finden sind.<\/p><p>\u00a0<\/p><p><strong>Au\u00dfergerichtliche Streitbeilegung<\/strong><br \/>Wir sind weder verpflichtet noch dazu bereit, im Falle einer Streitigkeit mit einem Verbraucher an einem Streitbeilegungsverfahren vor einer Verbraucherschlichtungsstelle teilzunehmen.<\/p>\t\t\t\t\t\t<\/div>\n\t\t\t\t<\/div>\n\t\t\t\t\t<\/div>\n\t\t<\/div>\n\t\t\t\t\t<\/div>\n\t\t<\/section>\n\t\t\t\t<\/div>","protected":false},"excerpt":{"rendered":"<p>Impressum Verantwortlich f\u00fcr den Inhalt (Angaben gem\u00e4\u00df \u00a7 5 TMG) Vergessen ist ansteckend gGMBHc\/o VATERBLUT GMBHIm Marienpark 4712107 Berlin \u00a0 Telefon +49 &#8211; 30 \/ 844 16 99 0www.vaterblut.comwww.vergessen-ist-ansteckend.de \u00a0 [&hellip;]<\/p>","protected":false},"author":1,"featured_media":0,"parent":0,"menu_order":15,"comment_status":"closed","ping_status":"closed","template":"elementor_header_footer","meta":{"_acf_changed":false,"inline_featured_image":false,"footnotes":""},"categories":[],"tags":[],"class_list":["post-18445","page","type-page","status-publish","hentry"],"acf":[],"_links":{"self":[{"href":"https:\/\/fast-track-city-summit.berlin\/en\/wp-json\/wp\/v2\/pages\/18445","targetHints":{"allow":["GET"]}}],"collection":[{"href":"https:\/\/fast-track-city-summit.berlin\/en\/wp-json\/wp\/v2\/pages"}],"about":[{"href":"https:\/\/fast-track-city-summit.berlin\/en\/wp-json\/wp\/v2\/types\/page"}],"author":[{"embeddable":true,"href":"https:\/\/fast-track-city-summit.berlin\/en\/wp-json\/wp\/v2\/users\/1"}],"replies":[{"embeddable":true,"href":"https:\/\/fast-track-city-summit.berlin\/en\/wp-json\/wp\/v2\/comments?post=18445"}],"version-history":[{"count":57,"href":"https:\/\/fast-track-city-summit.berlin\/en\/wp-json\/wp\/v2\/pages\/18445\/revisions"}],"predecessor-version":[{"id":31805,"href":"https:\/\/fast-track-city-summit.berlin\/en\/wp-json\/wp\/v2\/pages\/18445\/revisions\/31805"}],"wp:attachment":[{"href":"https:\/\/fast-track-city-summit.berlin\/en\/wp-json\/wp\/v2\/media?parent=18445"}],"wp:term":[{"taxonomy":"category","embeddable":true,"href":"https:\/\/fast-track-city-summit.berlin\/en\/wp-json\/wp\/v2\/categories?post=18445"},{"taxonomy":"post_tag","embeddable":true,"href":"https:\/\/fast-track-city-summit.berlin\/en\/wp-json\/wp\/v2\/tags?post=18445"}],"curies":[{"name":"wp","href":"https:\/\/api.w.org\/{rel}","templated":true}]}}