{"id":31221,"date":"2023-06-16T12:15:13","date_gmt":"2023-06-16T10:15:13","guid":{"rendered":"https:\/\/fast-track-city-summit.berlin\/?page_id=31221"},"modified":"2023-06-16T12:15:13","modified_gmt":"2023-06-16T10:15:13","slug":"registrierung-praesenz","status":"publish","type":"page","link":"https:\/\/fast-track-city-summit.berlin\/en\/registrierung-praesenz\/","title":{"rendered":"Registrierung Pr\u00e4senz"},"content":{"rendered":"<div data-elementor-type=\"wp-page\" data-elementor-id=\"31221\" class=\"elementor elementor-31221\" data-elementor-post-type=\"page\">\n\t\t\t\t\t\t<section class=\"elementor-section elementor-top-section elementor-element elementor-element-4665399c elementor-section-height-min-height elementor-section-content-middle elementor-section-stretched elementor-section-boxed elementor-section-height-default elementor-section-items-middle\" data-id=\"4665399c\" data-element_type=\"section\" data-settings=\"{&quot;stretch_section&quot;:&quot;section-stretched&quot;,&quot;background_background&quot;:&quot;classic&quot;}\">\n\t\t\t\t\t\t<div class=\"elementor-container elementor-column-gap-wider\">\n\t\t\t\t\t<div class=\"elementor-column elementor-col-50 elementor-top-column elementor-element elementor-element-7a8e8489\" data-id=\"7a8e8489\" data-element_type=\"column\" data-settings=\"{&quot;background_background&quot;:&quot;classic&quot;}\">\n\t\t\t<div class=\"elementor-widget-wrap elementor-element-populated\">\n\t\t\t\t\t\t<div class=\"elementor-element elementor-element-e2cb356 elementor-widget elementor-widget-register-widget\" data-id=\"e2cb356\" data-element_type=\"widget\" data-widget_type=\"register-widget.default\">\n\t\t\t\t<div class=\"elementor-widget-container\">\n\t\t\t<span id=\"e2cb356\"><\/span>\n        <div class=\"event-networking-register\">\n            <form id=\"register-widget-form\">\n                \t\t\t\t<fieldset id=\"profile\">\n\t\t\t\t\t<div class=\"form-row\">\n\t\t\t\t\t\t<div class=\"col-md-12\">\n\t\t\t\t\t\t\t<label><strong>Profile informations:<\/strong><\/label>\n\t\t\t\t\t\t<\/div>\n\t\t\t\t\t<\/div>\n\t\t\t\t\t<div class=\"form-row\" >\n\t\t\t\t\t\t<div class=\"col-md-12 col-sm-12\">\n\t\t\t\t\t\t\t<label for=\"profilePicture\">Select profile picture<\/label>\n\t\t\t\t\t\t\t<img decoding=\"async\" height=\"50\" alt=\"Profile picture\" id=\"existingProfilePicture\" data-attachment-id=\"\" src=\"\">\n\t\t\t\t\t\t\t<svg aria-hidden=\"true\" style=\"width:50px;height:50px\" viewbox=\"0 0 24 24\" id=\"existingProfilePicturePlaceholder\">\n\t\t\t\t\t\t\t\t<path fill=\"currentColor\"\n\t\t\t\t\t\t\t\td=\"M12,19.2C9.5,19.2 7.29,17.92 6,16C6.03,14 10,12.9 12,12.9C14,12.9 17.97,14 18,16C16.71,17.92 14.5,19.2 12,19.2M12,5A3,3 0 0,1 15,8A3,3 0 0,1 12,11A3,3 0 0,1 9,8A3,3 0 0,1 12,5M12,2A10,10 0 0,0 2,12A10,10 0 0,0 12,22A10,10 0 0,0 22,12C22,6.47 17.5,2 12,2Z\"\/>\n\t\t\t\t\t\t\t<\/svg>\n\t\t\t\t\t\t\t<input type=\"hidden\" id=\"profilePicturePath\">\n\t\t\t\t\t\t\t<input type=\"file\" name=\"profilePicture\" id=\"profilePicture\" class=\"hidden\" accept=\"image\/x-png,image\/jpg,image\/jpeg\">\n\t\t\t\t\t\t<\/div>\n\t\t\t\t\t<\/div>\n\t\t\t\t\t\n\t\t\t\t\t<div class=\"form-row\">\n\t\t\t\t\t\t\t\t\t\t\t\t\t\t\t\t\t\t\t\t\t\t\t<\/div>\n\t\t\t\t\t\n\t\t\t\t\t<div class=\"form-row\">\n\t\t\t\t\t\t<div class=\"col-md-6 col-sm-12\">\n\t\t\t\t\t\t\t<label for=\"profileName\">Displayname (First- and lastname)*<\/label>\n\t\t\t\t\t\t\t<input type=\"text\" id=\"profileName\" name=\"profileName\" required>\n\t\t\t\t\t\t<\/div>\n\t\t\t\t\t\t<div class=\"col-md-6 col-sm-12\">\n\t\t\t\t\t\t\t<label for=\"profileEmail\">Email address*<\/label>\n\t\t\t\t\t\t\t<input type=\"email\" id=\"profileEmail\" name=\"profileEmail\" required>\n\t\t\t\t\t\t<\/div>\n\t\t\t\t\t<\/div>\n\t\t\t\t\t\n\t\t\t\t\t\t\t\t\t\t<div class=\"form-row\">\n\t\t\t\t\t\t<div class=\"col-md-6 col-sm-12 password-input\">\n\t\t\t\t\t\t\t<label for=\"password\">Password*<\/label>\n\t\t\t\t\t\t\t<input type=\"password\" id=\"password\" name=\"password\" autocomplete=\"off\" required>\n\t\t\t\t\t\t\t<i class=\"far fa-eye\" id=\"togglePassword\" style=\"margin-left:-30px;margin-top:13px;cursor:pointer;position:absolute;\"><\/i>\n\t\t\t\t\t\t\t<div class=\"valid-feedback password-valid-strong\">The password is very secure!<\/div>\n\t\t\t\t\t\t\t<div class=\"valid-feedback password-valid-mid\">The password is fine.<\/div>\n\t\t\t\t\t\t\t<div class=\"invalid-feedback password-invalid\">The password is insecure!<\/div>\n\t\t\t\t\t\t<\/div>\n\t\t\t\t\t\t<div class=\"col-md-6 col-sm-12\">\n\t\t\t\t\t\t\t<label for=\"password2\">Repeat password*<\/label>\n\t\t\t\t\t\t\t<input type=\"password\" id=\"password2\" name=\"password2\" autocomplete=\"off\" required>\n\t\t\t\t\t\t\t<div class=\"valid-feedback password-confirmation-valid\">The passwords match!<\/div>\n\t\t\t\t\t\t\t<div class=\"invalid-feedback password-confirmation-invalid\">The passwords are different!<\/div>\n\t\t\t\t\t\t\t<div class=\"invalid-feedback password-confirmation-empty\">Please, repeat password entry.<\/div>\n\t\t\t\t\t\t<\/div>\n\t\t\t\t\t\t<script>\n\t\t\t\t\t\t\tjQuery( document ).ready(function() {\t\n\t\t\t\t\t\t\t\tjQuery(\"#register-widget-form\").find('#register-widget-submit').prop('disabled', true);\n\t\t\t\t\t\t\t\tjQuery(\"#register-widget-form\").find('#password').on('input', function() {\n\t\t\t\t\t\t\t\t\tvar strongRegex = new RegExp(\"^(?=.*[a-z])(?=.*[A-Z])(?=.*[0-9])(?=.*[!@#\\$%\\^&\\*])(?=.{8,})\");\n\t\t\t\t\t\t\t\t\tvar mediumRegex = new RegExp(\"^(((?=.*[a-z])(?=.*[A-Z]))|((?=.*[a-z])(?=.*[0-9]))|((?=.*[A-Z])(?=.*[0-9])))(?=.{6,})\");\n\t\t\t\t\t\t\t\t\tif (strongRegex.test(jQuery(\"#register-widget-form\").find('#password').val())) {\n\t\t\t\t\t\t\t\t\t\tjQuery(\"#register-widget-form\").find('.password-invalid').hide();\n\t\t\t\t\t\t\t\t\t\tjQuery(\"#register-widget-form\").find('.password-valid-mid').hide();\n\t\t\t\t\t\t\t\t\t\tjQuery(\"#register-widget-form\").find('.password-valid-strong').show();\n\t\t\t\t\t\t\t\t\t} else if (mediumRegex.test(jQuery(\"#register-widget-form\").find('#password').val())) {\n\t\t\t\t\t\t\t\t\t\tjQuery(\"#register-widget-form\").find('.password-invalid').hide();\n\t\t\t\t\t\t\t\t\t\tjQuery(\"#register-widget-form\").find('.password-valid-strong').hide();\n\t\t\t\t\t\t\t\t\t\tjQuery(\"#register-widget-form\").find('.password-valid-mid').show();\n\t\t\t\t\t\t\t\t\t} else {\n\t\t\t\t\t\t\t\t\t\tjQuery(\"#register-widget-form\").find('.password-valid-mid').hide();\n\t\t\t\t\t\t\t\t\t\tjQuery(\"#register-widget-form\").find('.password-valid-strong').hide();\n\t\t\t\t\t\t\t\t\t\tjQuery(\"#register-widget-form\").find('.password-invalid').show();\n\t\t\t\t\t\t\t\t\t}\n\t\t\t\t\t\t\t\t});\n\t\t\t\t\t\t\t\tjQuery(\"#register-widget-form\").find('#password,#password2').on('input', function() {\n\t\t\t\t\t\t\t\t\tif (jQuery(\"#register-widget-form\").find('#password2').val() == '') {\n\t\t\t\t\t\t\t\t\t\tjQuery(\"#register-widget-form\").find('.password-confirmation-invalid').hide();\n\t\t\t\t\t\t\t\t\t\tjQuery(\"#register-widget-form\").find('.password-confirmation-empty').show();\n\t\t\t\t\t\t\t\t\t\tjQuery(\"#register-widget-form\").find('.password-confirmation-valid').hide();\n\t\t\t\t\t\t\t\t\t\tjQuery(\"#register-widget-form\").find('#register-widget-submit').prop('disabled', false);\n\t\t\t\t\t\t\t\t\t} else if (jQuery(\"#register-widget-form\").find('#password').val() == jQuery(\"#register-widget-form\").find('#password2').val()) {\n\t\t\t\t\t\t\t\t\t\tjQuery(\"#register-widget-form\").find('.password-confirmation-invalid').hide();\n\t\t\t\t\t\t\t\t\t\tjQuery(\"#register-widget-form\").find('.password-confirmation-empty').hide();\n\t\t\t\t\t\t\t\t\t\tjQuery(\"#register-widget-form\").find('.password-confirmation-valid').show();\n\t\t\t\t\t\t\t\t\t\tjQuery(\"#register-widget-form\").find('#register-widget-submit').prop('disabled', false);\n\t\t\t\t\t\t\t\t\t} else {\n\t\t\t\t\t\t\t\t\t\tjQuery(\"#register-widget-form\").find('.password-confirmation-valid').hide();\n\t\t\t\t\t\t\t\t\t\tjQuery(\"#register-widget-form\").find('.password-confirmation-empty').hide();\n\t\t\t\t\t\t\t\t\t\tjQuery(\"#register-widget-form\").find('.password-confirmation-invalid').show();\n\t\t\t\t\t\t\t\t\t\tjQuery(\"#register-widget-form\").find('#register-widget-submit').prop('disabled', true);\n\t\t\t\t\t\t\t\t\t}\n\t\t\t\t\t\t\t\t});\n\t\t\t\t\t\t\t\t\n\t\t\t\t\t\t\t\t\n\t\t\t\t\t\t\t\tjQuery(\"#register-widget-form\").find('#togglePassword').click( function() {\n\t\t\t\t\t\t\t\t\tconsole.log('show password');\n\t\t\t\t\t\t\t\t\t\/\/ toggle the type attribute\n\t\t\t\t\t\t\t\t\tif ( jQuery(\"#register-widget-form\").find('#password').attr('type') == 'password' ) {\n\t\t\t\t\t\t\t\t\t\tjQuery(\"#register-widget-form\").find('#password').attr('type', 'text');\n\t\t\t\t\t\t\t\t\t\tjQuery(\"#register-widget-form\").find('#togglePassword').removeClass('fa-eye');\n\t\t\t\t\t\t\t\t\t\tjQuery(\"#register-widget-form\").find('#togglePassword').addClass('fa-eye-slash');\n\t\t\t\t\t\t\t\t\t} else if ( jQuery(\"#register-widget-form\").find('#password').attr('type') == 'text' ) {\n\t\t\t\t\t\t\t\t\t\tjQuery(\"#register-widget-form\").find('#password').attr('type', 'password');\n\t\t\t\t\t\t\t\t\t\tjQuery(\"#register-widget-form\").find('#togglePassword').removeClass('fa-eye-slash');\n\t\t\t\t\t\t\t\t\t\tjQuery(\"#register-widget-form\").find('#togglePassword').addClass('fa-eye');\n\t\t\t\t\t\t\t\t\t}\n\t\t\t\t\t\t\t\t});\n\t\t\t\t\t\t\t});\n\t\t\t\t\t\t<\/script>\n\t\t\t\t\t<\/div>\n\t\t\t\t\t\n\t\t\t\t\t<div class=\"form-row\">\n\t\t\t\t\t\t\t\t\t\t\t\t\t\t\t\t\t\t<div class=\"col-md-6 col-sm-12\">\n\t\t\t\t\t\t\t\t\t\t\t\t\t\t\t<label for=\"profileCompany\">Company<\/label>\n\t\t\t\t\t\t\t\t\t\t\t\t\t\t<input type=\"text\" id=\"profileCompany\" name=\"profileCompany\" >\n\t\t\t\t\t\t<\/div>\n\t\t\t\t\t\t\t\t\t\t\t\t\t\t\t\t\t\t<div class=\"col-md-6 col-sm-12\">\n\t\t\t\t\t\t\t<label for=\"profilePosition\">Position<\/label>\n\t\t\t\t\t\t\t<input type=\"text\" id=\"profilePosition\" name=\"profilePosition\" > \n\t\t\t\t\t\t<\/div>\n\t\t\t\t\t\t\t\t\t\t\t\t\t\t\t\t\t<\/div>\n\t\t\t\t<\/fieldset>\n\n\t\t\t\t\t\t\t\t<fieldset id=\"networking\">\n\t\t\t\t\t<div class=\"form-row\">\n\t\t\t\t\t\t<div class=\"col-md-12\">\n\t\t\t\t\t\t\t<label><strong>Additional information:<\/strong><\/label>\n\t\t\t\t\t\t<\/div>\n\t\t\t\t\t\t\t\t\t\t\t\t\t\t\t\t\t\t<div class=\"col-md-4 col-sm-12\">\n\t\t\t\t\t\t\t<label for=\"profileLinkedin\" title=\"Please copy the URL from the address bar of your browser while on your personal Xing profile.\"><i aria-hidden=\"true\" class=\"fab fa-linkedin\"><\/i> URL to LinkedIn profile<\/label>\n\t\t\t\t\t\t\t<input type=\"text\" id=\"profileLinkedin\" name=\"profileLinkedin\" title=\"Please copy the URL from the address bar of your browser while on your personal Xing profile.\">\n\t\t\t\t\t\t<\/div>\n\t\t\t\t\t\t\t\t\t\t\t\t\t\t\t\t\t\t<div class=\"col-md-4 col-sm-12\">\n\t\t\t\t\t\t\t<label for=\"profileXing\" title=\"Please copy the URL from the address bar of your browser while on your personal Xing profile.\"><i aria-hidden=\"true\" class=\"fab fa-xing\"><\/i> URL to Xing profile<\/label>\n\t\t\t\t\t\t\t<input type=\"text\" id=\"profileXing\" name=\"profileXing\" title=\"Please copy the URL from the address bar of your browser while on your personal Xing profile.\">\n\t\t\t\t\t\t<\/div>\n\t\t\t\t\t\t\t\t\t\t\t\t\t\t\t\t\t\t<div class=\"col-md-4 col-sm-12\">\n\t\t\t\t\t\t\t<label for=\"profileWeb\" title=\"Please copy the URL from the address bar of your browser while your Website is shown.\"><i aria-hidden=\"true\" class=\"fa fa-globe-europe\"><\/i> Website<\/label>\n\t\t\t\t\t\t\t<input type=\"text\" id=\"profileWeb\" name=\"profileWeb\" title=\"Please copy the URL from the address bar of your browser while your Website is shown.\">\n\t\t\t\t\t\t<\/div>\n\t\t\t\t\t\t\t\t\t\t\t<\/div>\n\t\t\t\t\t\n\t\t\t\t\t\t\t\t\t\t\n\t\t\t\t\t<div class=\"form-row\">\n\t\t\t\t\t\t\t\t\t\t\t<\/div>\n\n\t\t\t\t\t\t\t\t\t<\/fieldset>\n\t\t\t\t\n                \t\t\t\t\n\t\t\t\t\t\t\t\t<fieldset id=\"address\">\t\n\t\t\t\t\t<div class=\"form-row\">\n\t\t\t\t\t\t<div class=\"col-md-12\">\n\t\t\t\t\t\t\t<label><strong>Address:<\/strong><\/label>\n\t\t\t\t\t\t<\/div>\n\t\t\t\t\t\t<div class=\"col-md-6 col-sm-6\">\n\t\t\t\t\t\t\t<label for=\"profileFirstname\">First name<\/label>\n\t\t\t\t\t\t\t<input type=\"text\" id=\"profileFirstname\" name=\"profileFirstname\">\n\t\t\t\t\t\t<\/div>\n\t\t\t\t\t\t<div class=\"col-md-6 col-sm-6\">\n\t\t\t\t\t\t\t<label for=\"profileLastname\">Last name<\/label>\n\t\t\t\t\t\t\t<input type=\"text\" id=\"profileLastname\" name=\"profileLastname\">\n\t\t\t\t\t\t<\/div>\n\t\t\t\t\t\t<div class=\"col-md-6 col-sm-6\">\n\t\t\t\t\t\t\t\t\t\t\t\t\t\t\t<label for=\"profileAdressCompany\">Company<\/label>\n\t\t\t\t\t\t\t\t\t\t\t\t\t\t<input type=\"text\" id=\"profileAdressCompany\" name=\"profileAdressCompany\">\n\t\t\t\t\t\t<\/div>\n\t\t\t\t\t\t<div class=\"col-md-6 col-sm-6\">\n\t\t\t\t\t\t\t<label for=\"profileStreet\">Street, Number<\/label>\n\t\t\t\t\t\t\t<input type=\"text\" id=\"profileStreet\" name=\"profileStreet\">\n\t\t\t\t\t\t<\/div>\n\t\t\t\t\t\t<div class=\"col-md-4 col-sm-4\">\n\t\t\t\t\t\t\t<label for=\"profileZip\">Postcode<\/label>\n\t\t\t\t\t\t\t<input type=\"text\" id=\"profileZip\" name=\"profileZip\">\n\t\t\t\t\t\t<\/div>\n\t\t\t\t\t\t<div class=\"col-md-4 col-sm-8\">\n\t\t\t\t\t\t\t<label for=\"profileCity\">City<\/label>\n\t\t\t\t\t\t\t<input type=\"text\" id=\"profileCity\" name=\"profileCity\">\n\t\t\t\t\t\t<\/div>\n\t\t\t\t\t\t<div class=\"col-md-4 col-sm-8\">\n\t\t\t\t\t\t\t<label for=\"profileCountry\">Country<\/label>\n\t\t\t\t\t\t\t<input type=\"text\" id=\"profileCountry\" name=\"profileCountry\">\n\t\t\t\t\t\t<\/div>\n\t\t\t\t\t<\/div>\t\n\t\t\t\t<\/fieldset>\n\t\t\t\t                \t\t\t\t<fieldset id=\"form\" style=\"border-width:0px!important\">\n\t\t\t\t\t<input type=\"hidden\" id=\"_wpnonce\" name=\"_wpnonce\" value=\"b0a987407a\" \/><input type=\"hidden\" name=\"_wp_http_referer\" value=\"\/en\/wp-json\/wp\/v2\/pages\/31221\" \/>\t\t\t\t\t\t\t\t\t\t\n\t\t\t\t\t<div class=\"form-row mt-3\" id=\"privacyCheckbox\">\n\t\t\t\t\t\t<div class=\"custom-control custom-checkbox custom-control-inline\">\n\t\t\t\t\t\t\t<input type=\"checkbox\" name=\"privacyAccepted\" id=\"privacyAccepted\" class=\"custom-control-input\" required>\n\t\t\t\t\t\t\t<label for=\"privacyAccepted\" class=\"custom-control-label\">I have read the <a href=\"https:\/\/fast-track-city-summit.berlin\/en\/datenschutz\/\">data protection policy<\/a> and accept it.*<\/label>\n\t\t\t\t\t\t<\/div>\n\t\t\t\t\t<\/div>\n\t\t\t\t\t\n\t\t\t\t\t\t\t\t\t\t\n\t\t\t\t\t\t\t\t\t\t<button type=\"submit\" id=\"register-widget-submit\" class=\"elementor-button-link elementor-button elementor-size-md elementor-animation-grow\">Finish registration\t\t\t\t\t\t<svg aria-hidden=\"true\" class=\"spin hidden\" style=\"width:20px;height:20px\" viewbox=\"0 0 24 24\">\n\t\t\t\t\t\t\t<path fill=\"currentColor\" d=\"M12,4V2A10,10 0 0,0 2,12H4A8,8 0 0,1 12,4Z\"\/>\n\t\t\t\t\t\t<\/svg>\n\t\t\t\t\t<\/button>\n\t\t\t\t\t<div>\n\t\t\t\t\t\t<small>* Mandatory field<\/small>\n\t\t\t\t\t<\/div>\n\t\t\t\t<\/fieldset>\n            <input type=\"hidden\" name=\"trp-form-language\" value=\"en\"\/><\/form>\n        <\/div>\n        \t\t<\/div>\n\t\t\t\t<\/div>\n\t\t\t\t\t<\/div>\n\t\t<\/div>\n\t\t\t\t<div class=\"elementor-column elementor-col-50 elementor-top-column elementor-element elementor-element-47bd0854 elementor-invisible\" data-id=\"47bd0854\" data-element_type=\"column\" data-settings=\"{&quot;background_background&quot;:&quot;classic&quot;,&quot;animation&quot;:&quot;fadeIn&quot;,&quot;animation_delay&quot;:&quot;500&quot;}\">\n\t\t\t<div class=\"elementor-widget-wrap elementor-element-populated\">\n\t\t\t\t\t\t<div class=\"elementor-element elementor-element-946ee13 elementor-widget elementor-widget-heading\" data-id=\"946ee13\" data-element_type=\"widget\" data-widget_type=\"heading.default\">\n\t\t\t\t<div class=\"elementor-widget-container\">\n\t\t\t<span id=\"946ee13\"><\/span><h1 class=\"elementor-heading-title elementor-size-default\">Registrierung Pr\u00e4senz<\/h1>\t\t<\/div>\n\t\t\t\t<\/div>\n\t\t\t\t<div class=\"elementor-element elementor-element-c8e0bd5 elementor-widget elementor-widget-heading\" data-id=\"c8e0bd5\" data-element_type=\"widget\" data-widget_type=\"heading.default\">\n\t\t\t\t<div class=\"elementor-widget-container\">\n\t\t\t<span id=\"c8e0bd5\"><\/span><h4 class=\"elementor-heading-title elementor-size-default\">BERLIN:<br>FAST TRACK WEEK 2022<\/h4>\t\t<\/div>\n\t\t\t\t<\/div>\n\t\t\t\t<div class=\"elementor-element elementor-element-0a382c8 elementor-widget elementor-widget-text-editor\" data-id=\"0a382c8\" data-element_type=\"widget\" data-widget_type=\"text-editor.default\">\n\t\t\t\t<div class=\"elementor-widget-container\">\n\t\t\t<span id=\"0a382c8\"><\/span>\t\t\t\t<h4 class=\"elementor-heading-title elementor-size-default elementor-inline-editing pen\" data-elementor-setting-key=\"title\" data-pen-placeholder=\"Eingabe hier...\">28.9.2022 bis zum 08.10.2022<\/h4>\t\t\t\t\t\t<\/div>\n\t\t\t\t<\/div>\n\t\t\t\t<div class=\"elementor-element elementor-element-14f26a8 elementor-widget-divider--view-line elementor-widget elementor-widget-divider\" data-id=\"14f26a8\" data-element_type=\"widget\" data-widget_type=\"divider.default\">\n\t\t\t\t<div class=\"elementor-widget-container\">\n\t\t\t<span id=\"14f26a8\"><\/span>\t\t<div class=\"elementor-divider\">\n\t\t\t<span class=\"elementor-divider-separator\">\n\t\t\t\t\t\t<\/span>\n\t\t<\/div>\n\t\t\t\t<\/div>\n\t\t\t\t<\/div>\n\t\t\t\t<div class=\"elementor-element elementor-element-577cafa elementor-widget elementor-widget-text-editor\" data-id=\"577cafa\" data-element_type=\"widget\" data-widget_type=\"text-editor.default\">\n\t\t\t\t<div class=\"elementor-widget-container\">\n\t\t\t<span id=\"577cafa\"><\/span>\t\t\t\t<p>Auftakt- (28.09., Berliner Rathaus) und Endveranstaltung (08.10., Oyoun) werden \u00fcber die Plattform\u00a0live gestreamt.<\/p>\t\t\t\t\t\t<\/div>\n\t\t\t\t<\/div>\n\t\t\t\t<div class=\"elementor-element elementor-element-201ff80 elementor-widget-divider--view-line elementor-widget elementor-widget-divider\" data-id=\"201ff80\" data-element_type=\"widget\" data-widget_type=\"divider.default\">\n\t\t\t\t<div class=\"elementor-widget-container\">\n\t\t\t<span id=\"201ff80\"><\/span>\t\t<div class=\"elementor-divider\">\n\t\t\t<span class=\"elementor-divider-separator\">\n\t\t\t\t\t\t<\/span>\n\t\t<\/div>\n\t\t\t\t<\/div>\n\t\t\t\t<\/div>\n\t\t\t\t<div class=\"elementor-element elementor-element-bcf80a6 elementor-align-left elementor-widget__width-inherit elementor-widget elementor-widget-button\" data-id=\"bcf80a6\" data-element_type=\"widget\" data-widget_type=\"button.default\">\n\t\t\t\t<div class=\"elementor-widget-container\">\n\t\t\t<span id=\"bcf80a6\"><\/span>\t\t<div class=\"elementor-button-wrapper\">\n\t\t\t<a class=\"elementor-button elementor-button-link elementor-size-md elementor-animation-grow\" href=\"https:\/\/fast-track-city-summit.berlin\/en\/\">\n\t\t\t\t\t\t<span class=\"elementor-button-content-wrapper\">\n\t\t\t\t\t\t<span class=\"elementor-button-icon\">\n\t\t\t\t<i aria-hidden=\"true\" class=\"fas fa-home\"><\/i>\t\t\t<\/span>\n\t\t\t\t\t\t\t\t\t<span class=\"elementor-button-text\">Zur\u00fcck zur Startseite<\/span>\n\t\t\t\t\t<\/span>\n\t\t\t\t\t<\/a>\n\t\t<\/div>\n\t\t\t\t<\/div>\n\t\t\t\t<\/div>\n\t\t\t\t<div class=\"elementor-element elementor-element-5a787ccb elementor-align-left elementor-widget__width-inherit elementor-widget elementor-widget-button\" data-id=\"5a787ccb\" data-element_type=\"widget\" data-widget_type=\"button.default\">\n\t\t\t\t<div class=\"elementor-widget-container\">\n\t\t\t<span id=\"5a787ccb\"><\/span>\t\t<div class=\"elementor-button-wrapper\">\n\t\t\t<a class=\"elementor-button elementor-button-link elementor-size-md elementor-animation-grow\" href=\"https:\/\/fast-track-city-summit.berlin\/en\/system-check\/\">\n\t\t\t\t\t\t<span class=\"elementor-button-content-wrapper\">\n\t\t\t\t\t\t<span class=\"elementor-button-icon\">\n\t\t\t\t<i aria-hidden=\"true\" class=\"fas fa-check\"><\/i>\t\t\t<\/span>\n\t\t\t\t\t\t\t\t\t<span class=\"elementor-button-text\">Systemcheck<\/span>\n\t\t\t\t\t<\/span>\n\t\t\t\t\t<\/a>\n\t\t<\/div>\n\t\t\t\t<\/div>\n\t\t\t\t<\/div>\n\t\t\t\t<div class=\"elementor-element elementor-element-66cfa30 elementor-widget-divider--view-line elementor-widget elementor-widget-divider\" data-id=\"66cfa30\" data-element_type=\"widget\" data-widget_type=\"divider.default\">\n\t\t\t\t<div class=\"elementor-widget-container\">\n\t\t\t<span id=\"66cfa30\"><\/span>\t\t<div class=\"elementor-divider\">\n\t\t\t<span class=\"elementor-divider-separator\">\n\t\t\t\t\t\t<\/span>\n\t\t<\/div>\n\t\t\t\t<\/div>\n\t\t\t\t<\/div>\n\t\t\t\t\t<\/div>\n\t\t<\/div>\n\t\t\t\t\t<\/div>\n\t\t<\/section>\n\t\t\t\t<\/div>","protected":false},"excerpt":{"rendered":"<p>Profil-Informationen: Profilbild ausw\u00e4hlen Anzeigename (Vor- und Nachname)* E-Mail-Adresse* Passwort* Firma Position Zus\u00e4tzliche Informationen: Link zum LinkedIn-Profil Link zum Xing-Profil Website Adresse: Vorname Nachname Firma Stra\u00dfe, Hausnummer Postleitzahl Ort Land Ich [&hellip;]<\/p>","protected":false},"author":1455,"featured_media":0,"parent":0,"menu_order":4,"comment_status":"closed","ping_status":"closed","template":"elementor_canvas","meta":{"_acf_changed":false,"inline_featured_image":false,"footnotes":""},"categories":[],"tags":[],"class_list":["post-31221","page","type-page","status-publish","hentry"],"acf":[],"_links":{"self":[{"href":"https:\/\/fast-track-city-summit.berlin\/en\/wp-json\/wp\/v2\/pages\/31221","targetHints":{"allow":["GET"]}}],"collection":[{"href":"https:\/\/fast-track-city-summit.berlin\/en\/wp-json\/wp\/v2\/pages"}],"about":[{"href":"https:\/\/fast-track-city-summit.berlin\/en\/wp-json\/wp\/v2\/types\/page"}],"author":[{"embeddable":true,"href":"https:\/\/fast-track-city-summit.berlin\/en\/wp-json\/wp\/v2\/users\/1455"}],"replies":[{"embeddable":true,"href":"https:\/\/fast-track-city-summit.berlin\/en\/wp-json\/wp\/v2\/comments?post=31221"}],"version-history":[{"count":2,"href":"https:\/\/fast-track-city-summit.berlin\/en\/wp-json\/wp\/v2\/pages\/31221\/revisions"}],"predecessor-version":[{"id":31224,"href":"https:\/\/fast-track-city-summit.berlin\/en\/wp-json\/wp\/v2\/pages\/31221\/revisions\/31224"}],"wp:attachment":[{"href":"https:\/\/fast-track-city-summit.berlin\/en\/wp-json\/wp\/v2\/media?parent=31221"}],"wp:term":[{"taxonomy":"category","embeddable":true,"href":"https:\/\/fast-track-city-summit.berlin\/en\/wp-json\/wp\/v2\/categories?post=31221"},{"taxonomy":"post_tag","embeddable":true,"href":"https:\/\/fast-track-city-summit.berlin\/en\/wp-json\/wp\/v2\/tags?post=31221"}],"curies":[{"name":"wp","href":"https:\/\/api.w.org\/{rel}","templated":true}]}}