{"id":31650,"date":"2024-09-27T09:47:00","date_gmt":"2024-09-27T07:47:50","guid":{"rendered":"https:\/\/fast-track-city-summit.berlin\/pressebereich-2\/"},"modified":"2025-08-27T15:01:10","modified_gmt":"2025-08-27T13:01:10","slug":"pressebereich-2024","status":"publish","type":"page","link":"https:\/\/fast-track-city-summit.berlin\/en\/pressebereich-2024\/","title":{"rendered":"Pressebereich"},"content":{"rendered":"<div data-elementor-type=\"wp-page\" data-elementor-id=\"31650\" class=\"elementor elementor-31650\" data-elementor-post-type=\"page\">\n\t\t\t\t\t\t<section class=\"elementor-section elementor-top-section elementor-element elementor-element-10e9888 elementor-section-content-middle elementor-section-height-min-height elementor-section-boxed elementor-section-height-default elementor-section-items-middle\" data-id=\"10e9888\" data-element_type=\"section\" data-settings=\"{&quot;background_background&quot;:&quot;slideshow&quot;,&quot;background_slideshow_gallery&quot;:[{&quot;id&quot;:&quot;29136&quot;,&quot;url&quot;:&quot;https:\\\/\\\/fast-track-city-summit.berlin\\\/wp-content\\\/uploads\\\/sites\\\/32\\\/2021\\\/09\\\/pla_2980_festsaal.jpg&quot;}],&quot;background_slideshow_loop&quot;:&quot;yes&quot;,&quot;background_slideshow_slide_duration&quot;:5000,&quot;background_slideshow_slide_transition&quot;:&quot;fade&quot;,&quot;background_slideshow_transition_duration&quot;:500}\">\n\t\t\t\t\t\t\t<div class=\"elementor-background-overlay\"><\/div>\n\t\t\t\t\t\t\t<div class=\"elementor-container elementor-column-gap-default\">\n\t\t\t\t\t<div class=\"elementor-column elementor-col-100 elementor-top-column elementor-element elementor-element-9284ee8\" data-id=\"9284ee8\" data-element_type=\"column\" data-settings=\"{&quot;background_background&quot;:&quot;classic&quot;}\">\n\t\t\t<div class=\"elementor-widget-wrap elementor-element-populated\">\n\t\t\t\t\t\t<div class=\"elementor-element elementor-element-02cc22d elementor-widget elementor-widget-heading\" data-id=\"02cc22d\" data-element_type=\"widget\" data-widget_type=\"heading.default\">\n\t\t\t\t<div class=\"elementor-widget-container\">\n\t\t\t<span id=\"02cc22d\"><\/span><h1 class=\"elementor-heading-title elementor-size-default\">Fast Track City Summit 2024 Pressebereich<\/h1>\t\t<\/div>\n\t\t\t\t<\/div>\n\t\t\t\t<div class=\"elementor-element elementor-element-7cc485c elementor-widget elementor-widget-spacer\" data-id=\"7cc485c\" data-element_type=\"widget\" data-widget_type=\"spacer.default\">\n\t\t\t\t<div class=\"elementor-widget-container\">\n\t\t\t<span id=\"7cc485c\"><\/span>\t\t<div class=\"elementor-spacer\">\n\t\t\t<div class=\"elementor-spacer-inner\"><\/div>\n\t\t<\/div>\n\t\t\t\t<\/div>\n\t\t\t\t<\/div>\n\t\t\t\t<section class=\"elementor-section elementor-inner-section elementor-element elementor-element-2ab64c7 elementor-section-full_width elementor-section-height-default elementor-section-height-default\" data-id=\"2ab64c7\" data-element_type=\"section\">\n\t\t\t\t\t\t<div class=\"elementor-container elementor-column-gap-extended\">\n\t\t\t\t\t<div class=\"elementor-column elementor-col-50 elementor-inner-column elementor-element elementor-element-965b4ac\" data-id=\"965b4ac\" data-element_type=\"column\">\n\t\t\t<div class=\"elementor-widget-wrap elementor-element-populated\">\n\t\t\t\t\t\t<div class=\"elementor-element elementor-element-4934171 elementor-widget elementor-widget-heading\" data-id=\"4934171\" data-element_type=\"widget\" data-widget_type=\"heading.default\">\n\t\t\t\t<div class=\"elementor-widget-container\">\n\t\t\t<span id=\"4934171\"><\/span><h2 class=\"elementor-heading-title elementor-size-medium\">Pressemitteilung<\/h2>\t\t<\/div>\n\t\t\t\t<\/div>\n\t\t\t\t<div class=\"elementor-element elementor-element-b6174b1 elementor-widget elementor-widget-heading\" data-id=\"b6174b1\" data-element_type=\"widget\" data-widget_type=\"heading.default\">\n\t\t\t\t<div class=\"elementor-widget-container\">\n\t\t\t<span id=\"b6174b1\"><\/span><h1 class=\"elementor-heading-title elementor-size-default\"><a href=\"https:\/\/www.tagesspiegel.de\/berlin\/berliner-senat-riskiert-fahrlassig-hiv-neuinfektionen-kritik-an-kurzungsplanen-im-gesundheitsbereich-10504117.html\" target=\"_blank\"> \u201eFast Track City Berlin Summit 2024 w\u00fcrdigt besonderes Engagement im Kampf gegen HIV\/Aids mit dem Red-Award und zeigt mit Aktionsplan Wege f\u00fcr ein Berlin ohne Aids!\u201c<\/a><\/h1>\t\t<\/div>\n\t\t\t\t<\/div>\n\t\t\t\t<div class=\"elementor-element elementor-element-1184bd9 elementor-widget elementor-widget-button\" data-id=\"1184bd9\" data-element_type=\"widget\" data-widget_type=\"button.default\">\n\t\t\t\t<div class=\"elementor-widget-container\">\n\t\t\t<span id=\"1184bd9\"><\/span>\t\t<div class=\"elementor-button-wrapper\">\n\t\t\t<a class=\"elementor-button elementor-button-link elementor-size-sm\" href=\"https:\/\/fast-track-city-summit.berlin\/wp-content\/uploads\/sites\/32\/2024\/09\/PM-Summit-2024-Aids-beenden-bis-2030-in-Berlin.pdf\" target=\"_blank\">\n\t\t\t\t\t\t<span class=\"elementor-button-content-wrapper\">\n\t\t\t\t\t\t<span class=\"elementor-button-icon\">\n\t\t\t\t<i aria-hidden=\"true\" class=\"fas fa-file-download\"><\/i>\t\t\t<\/span>\n\t\t\t\t\t\t\t\t\t<span class=\"elementor-button-text\">PDF Download<\/span>\n\t\t\t\t\t<\/span>\n\t\t\t\t\t<\/a>\n\t\t<\/div>\n\t\t\t\t<\/div>\n\t\t\t\t<\/div>\n\t\t\t\t\t<\/div>\n\t\t<\/div>\n\t\t\t\t<div class=\"elementor-column elementor-col-50 elementor-inner-column elementor-element elementor-element-7f1c80e\" data-id=\"7f1c80e\" data-element_type=\"column\">\n\t\t\t<div class=\"elementor-widget-wrap elementor-element-populated\">\n\t\t\t\t\t\t\t<\/div>\n\t\t<\/div>\n\t\t\t\t\t<\/div>\n\t\t<\/section>\n\t\t\t\t<section class=\"elementor-section elementor-inner-section elementor-element elementor-element-df74c57 elementor-section-full_width elementor-hidden-desktop elementor-hidden-tablet elementor-hidden-mobile elementor-section-height-default elementor-section-height-default\" data-id=\"df74c57\" data-element_type=\"section\">\n\t\t\t\t\t\t<div class=\"elementor-container elementor-column-gap-extended\">\n\t\t\t\t\t<div class=\"elementor-column elementor-col-50 elementor-inner-column elementor-element elementor-element-53485bd\" data-id=\"53485bd\" data-element_type=\"column\">\n\t\t\t<div class=\"elementor-widget-wrap elementor-element-populated\">\n\t\t\t\t\t\t<div class=\"elementor-element elementor-element-e758c8d elementor-widget elementor-widget-heading\" data-id=\"e758c8d\" data-element_type=\"widget\" data-widget_type=\"heading.default\">\n\t\t\t\t<div class=\"elementor-widget-container\">\n\t\t\t<span id=\"e758c8d\"><\/span><h2 class=\"elementor-heading-title elementor-size-medium\">Tagesspiegel<\/h2>\t\t<\/div>\n\t\t\t\t<\/div>\n\t\t\t\t<div class=\"elementor-element elementor-element-53a136e elementor-widget elementor-widget-image\" data-id=\"53a136e\" data-element_type=\"widget\" data-widget_type=\"image.default\">\n\t\t\t\t<div class=\"elementor-widget-container\">\n\t\t\t<span id=\"53a136e\"><\/span>\t\t\t\t\t\t\t\t\t\t\t<a href=\"https:\/\/www.tagesspiegel.de\/berlin\/berliner-senat-riskiert-fahrlassig-hiv-neuinfektionen-kritik-an-kurzungsplanen-im-gesundheitsbereich-10504117.html\" target=\"_blank\">\n\t\t\t\t\t\t\t<img fetchpriority=\"high\" decoding=\"async\" width=\"800\" height=\"342\" src=\"https:\/\/fast-track-city-summit.berlin\/wp-content\/uploads\/sites\/32\/2023\/10\/hiv.jpeg\" class=\"attachment-large size-large wp-image-31361\" alt=\"\" srcset=\"https:\/\/fast-track-city-summit.berlin\/wp-content\/uploads\/sites\/32\/2023\/10\/hiv.jpeg 1000w, https:\/\/fast-track-city-summit.berlin\/wp-content\/uploads\/sites\/32\/2023\/10\/hiv-300x128.jpeg 300w, https:\/\/fast-track-city-summit.berlin\/wp-content\/uploads\/sites\/32\/2023\/10\/hiv-768x329.jpeg 768w, https:\/\/fast-track-city-summit.berlin\/wp-content\/uploads\/sites\/32\/2023\/10\/hiv-18x8.jpeg 18w\" sizes=\"(max-width: 800px) 100vw, 800px\" \/>\t\t\t\t\t\t\t\t<\/a>\n\t\t\t\t\t\t\t\t\t\t\t\t\t<\/div>\n\t\t\t\t<\/div>\n\t\t\t\t<div class=\"elementor-element elementor-element-73ff79d elementor-widget elementor-widget-heading\" data-id=\"73ff79d\" data-element_type=\"widget\" data-widget_type=\"heading.default\">\n\t\t\t\t<div class=\"elementor-widget-container\">\n\t\t\t<span id=\"73ff79d\"><\/span><h2 class=\"elementor-heading-title elementor-size-small\"><a href=\"https:\/\/www.tagesspiegel.de\/berlin\/berliner-senat-riskiert-fahrlassig-hiv-neuinfektionen-kritik-an-kurzungsplanen-im-gesundheitsbereich-10504117.html\" target=\"_blank\"> \u201eBerliner Senat riskiert fahrl\u00e4ssig HIV-Neuinfektionen\u201c: Kritik an K\u00fcrzungspl\u00e4nen im Gesundheitsbereich<\/a><\/h2>\t\t<\/div>\n\t\t\t\t<\/div>\n\t\t\t\t\t<\/div>\n\t\t<\/div>\n\t\t\t\t<div class=\"elementor-column elementor-col-50 elementor-inner-column elementor-element elementor-element-aedd3dc\" data-id=\"aedd3dc\" data-element_type=\"column\">\n\t\t\t<div class=\"elementor-widget-wrap elementor-element-populated\">\n\t\t\t\t\t\t<div class=\"elementor-element elementor-element-c3e7b38 elementor-widget elementor-widget-heading\" data-id=\"c3e7b38\" data-element_type=\"widget\" data-widget_type=\"heading.default\">\n\t\t\t\t<div class=\"elementor-widget-container\">\n\t\t\t<span id=\"c3e7b38\"><\/span><h2 class=\"elementor-heading-title elementor-size-medium\">rbb 24 Abendschau<\/h2>\t\t<\/div>\n\t\t\t\t<\/div>\n\t\t\t\t<div class=\"elementor-element elementor-element-72c0283 elementor-widget elementor-widget-image\" data-id=\"72c0283\" data-element_type=\"widget\" data-widget_type=\"image.default\">\n\t\t\t\t<div class=\"elementor-widget-container\">\n\t\t\t<span id=\"72c0283\"><\/span>\t\t\t\t\t\t\t\t\t\t\t<a href=\"https:\/\/www.rbb-online.de\/abendschau\/videos\/20230926_1930\/wie-man-sich-auf-geschlechtskrankheiten-testen-kann.html\" target=\"_blank\">\n\t\t\t\t\t\t\t<img decoding=\"async\" width=\"800\" height=\"449\" src=\"https:\/\/fast-track-city-summit.berlin\/wp-content\/uploads\/sites\/32\/2023\/10\/size966x543.jpeg\" class=\"attachment-large size-large wp-image-31360\" alt=\"\" srcset=\"https:\/\/fast-track-city-summit.berlin\/wp-content\/uploads\/sites\/32\/2023\/10\/size966x543.jpeg 967w, https:\/\/fast-track-city-summit.berlin\/wp-content\/uploads\/sites\/32\/2023\/10\/size966x543-300x168.jpeg 300w, https:\/\/fast-track-city-summit.berlin\/wp-content\/uploads\/sites\/32\/2023\/10\/size966x543-768x431.jpeg 768w, https:\/\/fast-track-city-summit.berlin\/wp-content\/uploads\/sites\/32\/2023\/10\/size966x543-18x10.jpeg 18w\" sizes=\"(max-width: 800px) 100vw, 800px\" \/>\t\t\t\t\t\t\t\t<\/a>\n\t\t\t\t\t\t\t\t\t\t\t\t\t<\/div>\n\t\t\t\t<\/div>\n\t\t\t\t<div class=\"elementor-element elementor-element-02297f6 elementor-widget elementor-widget-heading\" data-id=\"02297f6\" data-element_type=\"widget\" data-widget_type=\"heading.default\">\n\t\t\t\t<div class=\"elementor-widget-container\">\n\t\t\t<span id=\"02297f6\"><\/span><h2 class=\"elementor-heading-title elementor-size-small\"><a href=\"https:\/\/www.rbb-online.de\/abendschau\/videos\/20230926_1930\/wie-man-sich-auf-geschlechtskrankheiten-testen-kann.html\" target=\"_blank\">Wie man sich auf Geschlechtskrankheiten testen kann<\/a><\/h2>\t\t<\/div>\n\t\t\t\t<\/div>\n\t\t\t\t\t<\/div>\n\t\t<\/div>\n\t\t\t\t\t<\/div>\n\t\t<\/section>\n\t\t\t\t<section class=\"elementor-section elementor-inner-section elementor-element elementor-element-0f5387d elementor-section-full_width elementor-hidden-desktop elementor-hidden-tablet elementor-hidden-mobile elementor-section-height-default elementor-section-height-default\" data-id=\"0f5387d\" data-element_type=\"section\">\n\t\t\t\t\t\t<div class=\"elementor-container elementor-column-gap-extended\">\n\t\t\t\t\t<div class=\"elementor-column elementor-col-50 elementor-inner-column elementor-element elementor-element-95d265c\" data-id=\"95d265c\" data-element_type=\"column\">\n\t\t\t<div class=\"elementor-widget-wrap elementor-element-populated\">\n\t\t\t\t\t\t<div class=\"elementor-element elementor-element-8d295c2 elementor-widget elementor-widget-heading\" data-id=\"8d295c2\" data-element_type=\"widget\" data-widget_type=\"heading.default\">\n\t\t\t\t<div class=\"elementor-widget-container\">\n\t\t\t<span id=\"8d295c2\"><\/span><h2 class=\"elementor-heading-title elementor-size-medium\">Ausschuss f\u00fcr Gesundheit und Pflege<\/h2>\t\t<\/div>\n\t\t\t\t<\/div>\n\t\t\t\t<div class=\"elementor-element elementor-element-07e05c3 elementor-widget elementor-widget-video\" data-id=\"07e05c3\" data-element_type=\"widget\" data-settings=\"{&quot;youtube_url&quot;:&quot;https:\\\/\\\/www.youtube.com\\\/watch?v=9FW-6geWnDQ&quot;,&quot;lazy_load&quot;:&quot;yes&quot;,&quot;autoplay&quot;:&quot;yes&quot;,&quot;video_type&quot;:&quot;youtube&quot;,&quot;controls&quot;:&quot;yes&quot;}\" data-widget_type=\"video.default\">\n\t\t\t\t<div class=\"elementor-widget-container\">\n\t\t\t<div class=\"cc_cookie_untouch\">\t\t\t<div class=\"video_wrapper\" style=\"background-image: url(); height:auto; aspect-ratio:16\/9;\">\n\t\t\t\t<div class=\"video_trigger\" data-source=\"\" style=\" height:auto;\">\n\t\t\t\t\t\t\t\t\t<i aria-label=\"hidden\" class=\"fa fas fa-frown\"><\/i>\n                \t\t\t\t\t<p class=\"text-center\">\n\t\t\t\t\t\tBy using this element, you agree that your data will be transmitted to external services (https:\/\/www.youtube-nocookie.com) and that you have read our <a href=\"https:\/\/fast-track-city-summit.berlin\/en\/datenschutz\/\" target=\"_blank\" title=\"privacy policy\">privacy policy<\/a>.\t\t\t\t\t<\/p>\n\t\t\t\t\t<input type=\"button\" class=\"btn elementor-button elementor-size-sm\" value=\"Accept\">\n\t\t\t\t<\/div>\n\t\t\t\t<div class=\"video_layer\">\n\t\t\t\t<span id=\"07e05c3\"><\/span>\t\t<div class=\"elementor-wrapper elementor-open-inline\">\n\t\t\t<div class=\"elementor-video\"><\/div>\t\t<\/div>\n\t\t\t\t\t\t\t<!--<iframe width=\"100%\" height=\"100%\" frameborder=\"0\" allow=\"accelerometer; autoplay; encrypted-media; gyroscope; picture-in-picture\" allowfullscreen=\"\" style=\"width:100%; height:auto; aspect-ratio:16\/9;\" data-src=\"https:\/\/www.youtube-nocookie.com\/embed\/9FW-6geWnDQ?autoplay=yes&amp;loop=&amp;rel=&amp;showinfo=\">\n\t\t\t\t\t<\/iframe>-->\n\t\t\t\t<\/div>\n\t\t\t<\/div>\n\t\t\t<\/div>\t\t<\/div>\n\t\t\t\t<\/div>\n\t\t\t\t<div class=\"elementor-element elementor-element-4203be4 elementor-widget elementor-widget-heading\" data-id=\"4203be4\" data-element_type=\"widget\" data-widget_type=\"heading.default\">\n\t\t\t\t<div class=\"elementor-widget-container\">\n\t\t\t<span id=\"4203be4\"><\/span><h2 class=\"elementor-heading-title elementor-size-small\"><a href=\"https:\/\/www.youtube.com\/watch?v=9FW-6geWnDQ\" target=\"_blank\">26. Sitzung des Ausschuss f\u00fcr Gesundheit und Pflege am 25.09.2023<\/a><\/h2>\t\t<\/div>\n\t\t\t\t<\/div>\n\t\t\t\t<div class=\"elementor-element elementor-element-8d28b6f elementor-widget elementor-widget-text-editor\" data-id=\"8d28b6f\" data-element_type=\"widget\" data-widget_type=\"text-editor.default\">\n\t\t\t\t<div class=\"elementor-widget-container\">\n\t\t\t<span id=\"8d28b6f\"><\/span>\t\t\t\t<div><p style=\"text-align: center\">Bei Problemen mit dem Video <span style=\"text-decoration: underline\"><strong><a class=\"cc-cookie-reset\" role=\"button\" href=\"#\" aria-label=\"Cookies zur\u00fccksetzen\">Cookies zur\u00fccksetzen<\/a><\/strong><\/span><\/p><\/div>\t\t\t\t\t\t<\/div>\n\t\t\t\t<\/div>\n\t\t\t\t\t<\/div>\n\t\t<\/div>\n\t\t\t\t<div class=\"elementor-column elementor-col-50 elementor-inner-column elementor-element elementor-element-18f6c92\" data-id=\"18f6c92\" data-element_type=\"column\">\n\t\t\t<div class=\"elementor-widget-wrap elementor-element-populated\">\n\t\t\t\t\t\t<div class=\"elementor-element elementor-element-c85443a elementor-widget elementor-widget-heading\" data-id=\"c85443a\" data-element_type=\"widget\" data-widget_type=\"heading.default\">\n\t\t\t\t<div class=\"elementor-widget-container\">\n\t\t\t<span id=\"c85443a\"><\/span><h2 class=\"elementor-heading-title elementor-size-medium\">Magazin.hiv<\/h2>\t\t<\/div>\n\t\t\t\t<\/div>\n\t\t\t\t<div class=\"elementor-element elementor-element-273ab60 elementor-widget elementor-widget-image\" data-id=\"273ab60\" data-element_type=\"widget\" data-widget_type=\"image.default\">\n\t\t\t\t<div class=\"elementor-widget-container\">\n\t\t\t<span id=\"273ab60\"><\/span>\t\t\t\t\t\t\t\t\t\t\t<a href=\"https:\/\/magazin.hiv\/magazin\/fast-track-cities-berlin-czyborra\/\" target=\"_blank\">\n\t\t\t\t\t\t\t<img decoding=\"async\" width=\"800\" height=\"355\" src=\"https:\/\/fast-track-city-summit.berlin\/wp-content\/uploads\/sites\/32\/2023\/10\/FOTO.jpeg\" class=\"attachment-large size-large wp-image-31359\" alt=\"\" srcset=\"https:\/\/fast-track-city-summit.berlin\/wp-content\/uploads\/sites\/32\/2023\/10\/FOTO.jpeg 800w, https:\/\/fast-track-city-summit.berlin\/wp-content\/uploads\/sites\/32\/2023\/10\/FOTO-300x133.jpeg 300w, https:\/\/fast-track-city-summit.berlin\/wp-content\/uploads\/sites\/32\/2023\/10\/FOTO-768x341.jpeg 768w, https:\/\/fast-track-city-summit.berlin\/wp-content\/uploads\/sites\/32\/2023\/10\/FOTO-18x8.jpeg 18w\" sizes=\"(max-width: 800px) 100vw, 800px\" \/>\t\t\t\t\t\t\t\t<\/a>\n\t\t\t\t\t\t\t\t\t\t\t\t\t<\/div>\n\t\t\t\t<\/div>\n\t\t\t\t<div class=\"elementor-element elementor-element-8a48b3e elementor-widget elementor-widget-heading\" data-id=\"8a48b3e\" data-element_type=\"widget\" data-widget_type=\"heading.default\">\n\t\t\t\t<div class=\"elementor-widget-container\">\n\t\t\t<span id=\"8a48b3e\"><\/span><h2 class=\"elementor-heading-title elementor-size-small\"><a href=\"https:\/\/magazin.hiv\/magazin\/fast-track-cities-berlin-czyborra\/\" target=\"_blank\">\u201eTherapien m\u00fcssen selbstverst\u00e4ndlich allen zu Verf\u00fcgung stehen\u201c<\/a><\/h2>\t\t<\/div>\n\t\t\t\t<\/div>\n\t\t\t\t\t<\/div>\n\t\t<\/div>\n\t\t\t\t\t<\/div>\n\t\t<\/section>\n\t\t\t\t\t<\/div>\n\t\t<\/div>\n\t\t\t\t\t<\/div>\n\t\t<\/section>\n\t\t\t\t<\/div>","protected":false},"excerpt":{"rendered":"<p>Fast Track City Summit 2024 Pressebereich Pressemitteilung \u201eFast Track City Berlin Summit 2024 w\u00fcrdigt besonderes Engagement im Kampf gegen HIV\/Aids mit dem Red-Award und zeigt mit Aktionsplan Wege f\u00fcr ein [&hellip;]<\/p>","protected":false},"author":167,"featured_media":0,"parent":0,"menu_order":6,"comment_status":"closed","ping_status":"closed","template":"","meta":{"_acf_changed":false,"inline_featured_image":false,"footnotes":""},"categories":[],"tags":[],"class_list":["post-31650","page","type-page","status-publish","hentry"],"acf":[],"_links":{"self":[{"href":"https:\/\/fast-track-city-summit.berlin\/en\/wp-json\/wp\/v2\/pages\/31650","targetHints":{"allow":["GET"]}}],"collection":[{"href":"https:\/\/fast-track-city-summit.berlin\/en\/wp-json\/wp\/v2\/pages"}],"about":[{"href":"https:\/\/fast-track-city-summit.berlin\/en\/wp-json\/wp\/v2\/types\/page"}],"author":[{"embeddable":true,"href":"https:\/\/fast-track-city-summit.berlin\/en\/wp-json\/wp\/v2\/users\/167"}],"replies":[{"embeddable":true,"href":"https:\/\/fast-track-city-summit.berlin\/en\/wp-json\/wp\/v2\/comments?post=31650"}],"version-history":[{"count":14,"href":"https:\/\/fast-track-city-summit.berlin\/en\/wp-json\/wp\/v2\/pages\/31650\/revisions"}],"predecessor-version":[{"id":32190,"href":"https:\/\/fast-track-city-summit.berlin\/en\/wp-json\/wp\/v2\/pages\/31650\/revisions\/32190"}],"wp:attachment":[{"href":"https:\/\/fast-track-city-summit.berlin\/en\/wp-json\/wp\/v2\/media?parent=31650"}],"wp:term":[{"taxonomy":"category","embeddable":true,"href":"https:\/\/fast-track-city-summit.berlin\/en\/wp-json\/wp\/v2\/categories?post=31650"},{"taxonomy":"post_tag","embeddable":true,"href":"https:\/\/fast-track-city-summit.berlin\/en\/wp-json\/wp\/v2\/tags?post=31650"}],"curies":[{"name":"wp","href":"https:\/\/api.w.org\/{rel}","templated":true}]}}