{"id":31766,"date":"2025-03-26T16:53:54","date_gmt":"2025-03-26T15:53:54","guid":{"rendered":"https:\/\/fast-track-city-summit.berlin\/?page_id=31766"},"modified":"2025-09-05T14:02:46","modified_gmt":"2025-09-05T12:02:46","slug":"ftc-netzwerk","status":"publish","type":"page","link":"https:\/\/fast-track-city-summit.berlin\/en\/ftc-netzwerk\/","title":{"rendered":"FTC-NETZWERK"},"content":{"rendered":"<div data-elementor-type=\"wp-page\" data-elementor-id=\"31766\" class=\"elementor elementor-31766\" data-elementor-post-type=\"page\">\n\t\t\t\t\t\t<section class=\"elementor-section elementor-top-section elementor-element elementor-element-068e16d elementor-section-height-min-height elementor-section-boxed elementor-section-height-default elementor-section-items-middle\" data-id=\"068e16d\" data-element_type=\"section\" data-settings=\"{&quot;background_background&quot;:&quot;classic&quot;}\">\n\t\t\t\t\t\t\t<div class=\"elementor-background-overlay\"><\/div>\n\t\t\t\t\t\t\t<div class=\"elementor-container elementor-column-gap-default\">\n\t\t\t\t\t<div class=\"elementor-column elementor-col-100 elementor-top-column elementor-element elementor-element-eefdf0e\" data-id=\"eefdf0e\" data-element_type=\"column\">\n\t\t\t<div class=\"elementor-widget-wrap elementor-element-populated\">\n\t\t\t\t\t\t<div class=\"elementor-element elementor-element-138e79f elementor-widget__width-initial elementor-widget-tablet__width-inherit elementor-widget elementor-widget-heading\" data-id=\"138e79f\" data-element_type=\"widget\" data-widget_type=\"heading.default\">\n\t\t\t\t<div class=\"elementor-widget-container\">\n\t\t\t<span id=\"138e79f\"><\/span><h2 class=\"elementor-heading-title elementor-size-default\">Leitbild des Fast Track City Netzwerk Berlin (FTCN Berlin)<\/h2>\t\t<\/div>\n\t\t\t\t<\/div>\n\t\t\t\t<div class=\"elementor-element elementor-element-50142b5 elementor-widget__width-initial elementor-widget-tablet__width-inherit elementor-widget-mobile__width-inherit elementor-widget elementor-widget-text-editor\" data-id=\"50142b5\" data-element_type=\"widget\" data-widget_type=\"text-editor.default\">\n\t\t\t\t<div class=\"elementor-widget-container\">\n\t\t\t<span id=\"50142b5\"><\/span>\t\t\t\t<p style=\"font-weight: 400\"><span class=\"s1\"><b>HIV verhindern. Aids und\u00a0Tuberkulose\u00a0beenden. Hepatitis C eliminieren. <br \/>Stigmatisierung und Diskriminierung bek\u00e4mpfen.<\/b><\/span><\/p>\t\t\t\t\t\t<\/div>\n\t\t\t\t<\/div>\n\t\t\t\t<div class=\"elementor-element elementor-element-53df5c2 elementor-widget__width-initial elementor-widget-tablet__width-inherit elementor-widget-mobile__width-inherit elementor-widget elementor-widget-text-editor\" data-id=\"53df5c2\" data-element_type=\"widget\" data-widget_type=\"text-editor.default\">\n\t\t\t\t<div class=\"elementor-widget-container\">\n\t\t\t<span id=\"53df5c2\"><\/span>\t\t\t\t<h2 style=\"font-weight: 400\"><strong>Pr\u00e4ambel \u2013 Wer wir sind<\/strong><\/h2><p>Das Fast Track City Netzwerk Berlin (FTCN-Berlin) ist ein Zusammenschluss zivilgesellschaftlicher Organisationen, Einrichtungen, Institutionen und Einzelpersonen, die sich in der strukturellen Pr\u00e4vention von HIV, Aids, Tuberkulose, Hepatitis C und anderer Public Health-relevanter sexuell \u00fcbertragbarer Infektionen und der damit verbundenen Stigmatisierung und Diskriminierung engagieren.<\/p><p>Wir orientieren uns an der Ottawa-Charta zur Gesundheitsf\u00f6rderung von 1986 und dem Lebensweisen-Konzept der Weltgesundheitsorganisation WHO, das ihr zugrunde liegt, sowie an den Nachhaltigkeitszielen der Vereinten Nationen (SDG 3) und an der Arbeit der internationalen Fast Track Cities Initiative, einem St\u00e4dte-Netzwerk, dem Berlin als erste deutsche Stadt im Jahr 2016 beigetreten ist. Die internationale Fast Track Cities Initiative hat das Ziel, Aids in den Metropolen bis zum Jahr 2030 zu beenden.<\/p><p>Wir wollen individuelle Gesundheitskompetenzen st\u00e4rken und gesellschaftliche Verh\u00e4ltnisse beeinflussen. Dabei wollen wir Communities beteiligen und empowern sowie die Pr\u00e4ventionsebenen von Prim\u00e4r-, Sekund\u00e4r- und Terti\u00e4rpr\u00e4vention miteinander verschr\u00e4nken. Gesundheit soll lebensweltnah gef\u00f6rdert werden. Die strukturelle Pr\u00e4vention nimmt das Verhalten Einzelner ebenso in den Blick wie die Verh\u00e4ltnisse, in denen sie leben. Denn was ein Mensch f\u00fcr die eigene Gesundheit und die Gesundheit anderer tun kann, tun will und schlie\u00dflich tats\u00e4chlich umsetzt, h\u00e4ngt von individuellen Faktoren ab, sowie wesentlich vom eigenen Umfeld und den gesellschaftlichen Strukturen. Diskriminierung und Ausgrenzung und\/oder Kriminalisierung behindern bzw. verhindern gesundheitsf\u00f6rderliches Verhalten. Deshalb setzen wir dort an, wo die strukturellen und sozialen Verh\u00e4ltnisse Menschen daran hindern, ihre Rechte \u2013 auch das Recht auf Gesundheit \u2013 wahrzunehmen.<\/p><p>Zweck des Berliner Netzwerks ist der gegenseitige Austausch von Informationen und Erfahrungen, die Entwicklung von Strategien f\u00fcr eine optimale Zusammenarbeit und eine aktive Mitgestaltung gesundheitspolitischer Entscheidungen. \u00a0<\/p><p>Die Zusammenarbeit der Mitglieder im FTCN-Berlin erfolgt gleichberechtigt, auf Augenh\u00f6he, wertsch\u00e4tzend und im gegenseitigen Respekt. Entscheidungen werden gemeinsam getroffen und getragen.<\/p>\t\t\t\t\t\t<\/div>\n\t\t\t\t<\/div>\n\t\t\t\t<div class=\"elementor-element elementor-element-921df8f elementor-widget__width-initial elementor-widget-tablet__width-inherit elementor-widget-mobile__width-inherit elementor-widget elementor-widget-text-editor\" data-id=\"921df8f\" data-element_type=\"widget\" data-widget_type=\"text-editor.default\">\n\t\t\t\t<div class=\"elementor-widget-container\">\n\t\t\t<span id=\"921df8f\"><\/span>\t\t\t\t<h2 style=\"font-weight: 400\"><strong>Unsere Prinzipien, Visionen, Ziele und Arbeitsweisen<\/strong><\/h2><p>Die Vision des FTCN-Berlin ist es, Berlin zu einer Stadt ohne Aids, Hepatitis C und Tuberkulose zu machen. Unser Engagement schlie\u00dft auch Antworten auf andere Public Health-relevante sexuell \u00fcbertragbare Infektionen ein. HIV-bezogenes Stigma und Diskriminierung von Menschen mit HIV und Hepatitis C werden wir beenden.<\/p><p>Gesundheit und Wohlbefinden sind Grundrechte aller Menschen. Dies gilt ganz besonders auch f\u00fcr Menschen ohne Versicherungsschutz und\/oder ohne gesicherten Aufenthalt. Wir sind \u00fcberzeugt, dass diese Ziele nur durch einen gleichberechtigten Zugang aller Menschen zu gesundheitlicher Versorgung auf der Basis struktureller Pr\u00e4vention erreicht werden k\u00f6nnen.<\/p><p>Wir sind entschlossen, durch unser gemeinsames Handeln und durch unsere Zusammenarbeit, die Gesundheit und das Wohlbefinden aller Menschen zu f\u00f6rdern und auf der Grundlage von Public Health einen gesellschaftlichen Effekt zu erreichen. Das Wohlbefinden und die eigene Entscheidung des Individuums stehen im Vordergrund.<\/p><p>Wir begreifen die Arbeit bez\u00fcglich Anti-Diskriminierung und Entstigmatisierung als laufende und anhaltende gesamtgesellschaftliche Prozesse. Sowohl Sprache, als auch Konzepte und Tools f\u00fcr eine sozial gerechte Gesellschaft entwickeln sich stetig weiter. Das FTCN-Berlin ist Teil dieses Lernprozesses.<\/p>\t\t\t\t\t\t<\/div>\n\t\t\t\t<\/div>\n\t\t\t\t<div class=\"elementor-element elementor-element-8116ae6 elementor-widget__width-initial elementor-widget-tablet__width-inherit elementor-widget-mobile__width-inherit elementor-widget elementor-widget-text-editor\" data-id=\"8116ae6\" data-element_type=\"widget\" data-widget_type=\"text-editor.default\">\n\t\t\t\t<div class=\"elementor-widget-container\">\n\t\t\t<span id=\"8116ae6\"><\/span>\t\t\t\t<h2 style=\"font-weight: 400\"><strong>Unser Engagement f\u00fcr diese Vision basiert auf folgenden Prinzipien:<\/strong><\/h2><p><strong>Partnerschaftliche Zusammenarbeit: <\/strong>Wir arbeiten im Netzwerk zusammen mit den Berliner Senatsverwaltungen und den Bezirks\u00e4mtern, den Communities, den wissenschaftlichen und anderen Expert:innen, den Netzwerken von \u00c4rzt:innen und anderen wichtigen Akteur:innen, z.B. Selbsthilfe, Institutionen, Einrichtungen, Vereine, Verb\u00e4nde und Fachgesellschaften.<\/p><p><strong>Lebensweltakzeptanz:<\/strong> Wir setzen uns daf\u00fcr ein, dass allen Menschen Zugang zu einer zielgerichteten, bedarfsgerechten und ausreichenden Pr\u00e4vention sowie gesundheitlichen und psychosozialen Versorgung zur Verf\u00fcgung steht &#8211; unabh\u00e4ngig von ihrer ethnischen Zugeh\u00f6rigkeit, ihrer sexuellen Orientierung und geschlechtlichen Identit\u00e4t, ihrem Aufenthalts- und Versichertenstatus oder von anderen Merkmalen.<\/p><p>Wir richten uns an den Lebenswelten von Einzelnen und Gruppen aus und engagieren uns f\u00fcr eine Versorgung, die den Bed\u00fcrfnissen der jeweiligen Communities entspricht.<\/p><p><strong>Wirkung:<\/strong> Wir richten unsere Arbeit an den Grunds\u00e4tzen der Wirkungsorientierung aus.<\/p>\t\t\t\t\t\t<\/div>\n\t\t\t\t<\/div>\n\t\t\t\t<div class=\"elementor-element elementor-element-d2d766e elementor-widget__width-initial elementor-widget-tablet__width-inherit elementor-widget-mobile__width-inherit elementor-widget elementor-widget-text-editor\" data-id=\"d2d766e\" data-element_type=\"widget\" data-widget_type=\"text-editor.default\">\n\t\t\t\t<div class=\"elementor-widget-container\">\n\t\t\t<span id=\"d2d766e\"><\/span>\t\t\t\t<h2 style=\"font-weight: 400\"><strong>Was wir konkret tun<\/strong><\/h2><p class=\"p1\"><b>Das FTCN-Berlin\u2026.<\/b><\/p><ul><li class=\"p1\">setzt sich daf\u00fcr ein, dass in Berlin der Zugang zu Pr\u00e4vention, Tests, Behandlung und Betreuung weiter verbessert wird;<\/li><li class=\"p1\">organisiert Facharbeitsgruppen, Netzwerktreffen und die regelm\u00e4\u00dfige Fachkonferenz, den Fast Track City Summit;<\/li><li class=\"p1\">gibt politische Impulse, insbesondere gesundheits- und sozialpolitische, und gestaltet Entscheidungsprozesse aktiv mit;<\/li><li class=\"p1\">setzt sich f\u00fcr die Verstetigung eines Fachaustausches zwischen dem FTCN-Berlin und den fachlich zust\u00e4ndigen politisch Handelnden ein;<\/li><li class=\"p1\">entwickelt einen Masterplan, der zur Umsetzung der Ziele des FTCN-Berlin geeignet ist.<\/li><\/ul>\t\t\t\t\t\t<\/div>\n\t\t\t\t<\/div>\n\t\t\t\t<div class=\"elementor-element elementor-element-a416cef elementor-align-left elementor-mobile-align-center elementor-widget elementor-widget-button\" data-id=\"a416cef\" data-element_type=\"widget\" data-widget_type=\"button.default\">\n\t\t\t\t<div class=\"elementor-widget-container\">\n\t\t\t<span id=\"a416cef\"><\/span>\t\t<div class=\"elementor-button-wrapper\">\n\t\t\t<a class=\"elementor-button elementor-button-link elementor-size-sm\" href=\"https:\/\/fast-track-city-summit.berlin\/wp-content\/uploads\/sites\/32\/2023\/11\/Leitbild_FTCN_Online_compressed.pdf\">\n\t\t\t\t\t\t<span class=\"elementor-button-content-wrapper\">\n\t\t\t\t\t\t\t\t\t<span class=\"elementor-button-text\">Download Leitbild<\/span>\n\t\t\t\t\t<\/span>\n\t\t\t\t\t<\/a>\n\t\t<\/div>\n\t\t\t\t<\/div>\n\t\t\t\t<\/div>\n\t\t\t\t\t<\/div>\n\t\t<\/div>\n\t\t\t\t\t<\/div>\n\t\t<\/section>\n\t\t\t\t<section class=\"elementor-section elementor-top-section elementor-element elementor-element-2e5c8e4 elementor-section-boxed elementor-section-height-default elementor-section-height-default\" data-id=\"2e5c8e4\" data-element_type=\"section\">\n\t\t\t\t\t\t<div class=\"elementor-container elementor-column-gap-default\">\n\t\t\t\t\t<div class=\"elementor-column elementor-col-100 elementor-top-column elementor-element elementor-element-aaaacad\" data-id=\"aaaacad\" data-element_type=\"column\">\n\t\t\t<div class=\"elementor-widget-wrap elementor-element-populated\">\n\t\t\t\t\t\t<div class=\"elementor-element elementor-element-7ac9fa0 elementor-widget elementor-widget-image\" data-id=\"7ac9fa0\" data-element_type=\"widget\" data-widget_type=\"image.default\">\n\t\t\t\t<div class=\"elementor-widget-container\">\n\t\t\t<span id=\"7ac9fa0\"><\/span>\t\t\t\t\t\t\t\t\t\t<img fetchpriority=\"high\" decoding=\"async\" width=\"800\" height=\"731\" src=\"https:\/\/fast-track-city-summit.berlin\/wp-content\/uploads\/sites\/32\/2025\/09\/3Leitbild_FTCN_Online_compressed-2048x1871-1.jpg\" class=\"attachment-large size-large wp-image-32297\" alt=\"\" srcset=\"https:\/\/fast-track-city-summit.berlin\/wp-content\/uploads\/sites\/32\/2025\/09\/3Leitbild_FTCN_Online_compressed-2048x1871-1.jpg 900w, https:\/\/fast-track-city-summit.berlin\/wp-content\/uploads\/sites\/32\/2025\/09\/3Leitbild_FTCN_Online_compressed-2048x1871-1-300x274.jpg 300w, https:\/\/fast-track-city-summit.berlin\/wp-content\/uploads\/sites\/32\/2025\/09\/3Leitbild_FTCN_Online_compressed-2048x1871-1-768x701.jpg 768w, https:\/\/fast-track-city-summit.berlin\/wp-content\/uploads\/sites\/32\/2025\/09\/3Leitbild_FTCN_Online_compressed-2048x1871-1-13x12.jpg 13w\" sizes=\"(max-width: 800px) 100vw, 800px\" \/>\t\t\t\t\t\t\t\t\t\t\t\t\t<\/div>\n\t\t\t\t<\/div>\n\t\t\t\t\t<\/div>\n\t\t<\/div>\n\t\t\t\t\t<\/div>\n\t\t<\/section>\n\t\t\t\t<\/div>","protected":false},"excerpt":{"rendered":"<p>Leitbild des Fast Track City Netzwerk Berlin (FTCN Berlin) HIV verhindern. Aids und\u00a0Tuberkulose\u00a0beenden. Hepatitis C eliminieren. Stigmatisierung und Diskriminierung bek\u00e4mpfen. Pr\u00e4ambel \u2013 Wer wir sind Das Fast Track City Netzwerk [&hellip;]<\/p>","protected":false},"author":143,"featured_media":0,"parent":0,"menu_order":0,"comment_status":"closed","ping_status":"closed","template":"elementor_header_footer","meta":{"_acf_changed":false,"inline_featured_image":false,"footnotes":""},"categories":[],"tags":[],"class_list":["post-31766","page","type-page","status-publish","hentry"],"acf":[],"_links":{"self":[{"href":"https:\/\/fast-track-city-summit.berlin\/en\/wp-json\/wp\/v2\/pages\/31766","targetHints":{"allow":["GET"]}}],"collection":[{"href":"https:\/\/fast-track-city-summit.berlin\/en\/wp-json\/wp\/v2\/pages"}],"about":[{"href":"https:\/\/fast-track-city-summit.berlin\/en\/wp-json\/wp\/v2\/types\/page"}],"author":[{"embeddable":true,"href":"https:\/\/fast-track-city-summit.berlin\/en\/wp-json\/wp\/v2\/users\/143"}],"replies":[{"embeddable":true,"href":"https:\/\/fast-track-city-summit.berlin\/en\/wp-json\/wp\/v2\/comments?post=31766"}],"version-history":[{"count":16,"href":"https:\/\/fast-track-city-summit.berlin\/en\/wp-json\/wp\/v2\/pages\/31766\/revisions"}],"predecessor-version":[{"id":32300,"href":"https:\/\/fast-track-city-summit.berlin\/en\/wp-json\/wp\/v2\/pages\/31766\/revisions\/32300"}],"wp:attachment":[{"href":"https:\/\/fast-track-city-summit.berlin\/en\/wp-json\/wp\/v2\/media?parent=31766"}],"wp:term":[{"taxonomy":"category","embeddable":true,"href":"https:\/\/fast-track-city-summit.berlin\/en\/wp-json\/wp\/v2\/categories?post=31766"},{"taxonomy":"post_tag","embeddable":true,"href":"https:\/\/fast-track-city-summit.berlin\/en\/wp-json\/wp\/v2\/tags?post=31766"}],"curies":[{"name":"wp","href":"https:\/\/api.w.org\/{rel}","templated":true}]}}